{"id":253,"date":"2023-01-21T17:01:34","date_gmt":"2023-01-21T23:01:34","guid":{"rendered":"https:\/\/mezcalcuadrasolis.com\/?page_id=253"},"modified":"2023-01-21T17:23:37","modified_gmt":"2023-01-21T23:23:37","slug":"politica-de-privacidad-y-terminos-y-condiciones","status":"publish","type":"page","link":"https:\/\/mezcalcuadrasolis.com\/index.php\/politica-de-privacidad-y-terminos-y-condiciones\/","title":{"rendered":"Pol\u00edtica de privacidad y t\u00e9rminos y condiciones"},"content":{"rendered":"\t\t<div data-elementor-type=\"wp-page\" data-elementor-id=\"253\" class=\"elementor elementor-253\">\n\t\t\t\t\t\t\t\t\t<section class=\"elementor-section elementor-top-section elementor-element elementor-element-12a4527 elementor-section-boxed elementor-section-height-default elementor-section-height-default\" data-id=\"12a4527\" data-element_type=\"section\">\n\t\t\t\t\t\t<div class=\"elementor-container elementor-column-gap-default\">\n\t\t\t\t\t<div class=\"elementor-column elementor-col-100 elementor-top-column elementor-element elementor-element-c7a74bc\" data-id=\"c7a74bc\" data-element_type=\"column\">\n\t\t\t<div class=\"elementor-widget-wrap elementor-element-populated\">\n\t\t\t\t\t\t\t\t<div class=\"elementor-element elementor-element-12e7d4a elementor-widget elementor-widget-heading\" data-id=\"12e7d4a\" data-element_type=\"widget\" data-widget_type=\"heading.default\">\n\t\t\t\t<div class=\"elementor-widget-container\">\n\t\t\t<style>\/*! elementor - v3.10.0 - 09-01-2023 *\/\n.elementor-heading-title{padding:0;margin:0;line-height:1}.elementor-widget-heading .elementor-heading-title[class*=elementor-size-]>a{color:inherit;font-size:inherit;line-height:inherit}.elementor-widget-heading .elementor-heading-title.elementor-size-small{font-size:15px}.elementor-widget-heading .elementor-heading-title.elementor-size-medium{font-size:19px}.elementor-widget-heading .elementor-heading-title.elementor-size-large{font-size:29px}.elementor-widget-heading .elementor-heading-title.elementor-size-xl{font-size:39px}.elementor-widget-heading .elementor-heading-title.elementor-size-xxl{font-size:59px}<\/style><h1 class=\"elementor-heading-title elementor-size-default\">T\u00e9rminos y Condiciones + Pol\u00edtica de Privacidad<\/h1>\t\t<\/div>\n\t\t\t\t<\/div>\n\t\t\t\t<div class=\"elementor-element elementor-element-69d7d44 elementor-widget elementor-widget-text-editor\" data-id=\"69d7d44\" data-element_type=\"widget\" data-widget_type=\"text-editor.default\">\n\t\t\t\t<div class=\"elementor-widget-container\">\n\t\t\t<style>\/*! elementor - v3.10.0 - 09-01-2023 *\/\n.elementor-widget-text-editor.elementor-drop-cap-view-stacked .elementor-drop-cap{background-color:#818a91;color:#fff}.elementor-widget-text-editor.elementor-drop-cap-view-framed .elementor-drop-cap{color:#818a91;border:3px solid;background-color:transparent}.elementor-widget-text-editor:not(.elementor-drop-cap-view-default) .elementor-drop-cap{margin-top:8px}.elementor-widget-text-editor:not(.elementor-drop-cap-view-default) .elementor-drop-cap-letter{width:1em;height:1em}.elementor-widget-text-editor .elementor-drop-cap{float:left;text-align:center;line-height:1;font-size:50px}.elementor-widget-text-editor .elementor-drop-cap-letter{display:inline-block}<\/style>\t\t\t\t<div class=\"_2cuy _3dgx _2vxa\">\n<p>Este documento contiene convenio y\/o contrato legalmente vinculante entre Cuadra Sol\u00eds Mezcal Artesanal y quien haga uso de su sitio web, quien acepta esta pol\u00edtica de privacidad para poder hacer uso de nuestros&nbsp;<span class=\"_4yxo\">CONTENIDOS<\/span>&nbsp;y\/o&nbsp;<span class=\"_4yxo\">SERVICIOS<\/span>, dentro de nuestro sitio web y fuera de el, por tanto declara, se entiende o se presume mayor de edad (+18 a\u00f1os) sin ninguna contradicci\u00f3n ya que es un sitio web que distribuye y promueve el consumo de bebidas alcoh\u00f3licas, por lo tanto su uso solo se limita a personas mayores de edad.<\/p>\n<\/div>\n<div class=\"_2cuy _3dgx _2vxa\"><span class=\"_4yxo\"><b>CONSIDERACIONES:<\/b><\/span><b><br><\/b><span class=\"_4yxo\"><br><\/span><\/div>\n<div class=\"_2cuy _3dgx _2vxa\">Cuadra Sol\u00eds es una empresa productora de mezcal artesanal propiedad de Mezcal Cuadra Sol\u00eds&nbsp; con domicilio en M\u00e9xico-Oaxaca, y con operaci\u00f3n a nivel nacional. La Marca de Mezcal Cuadra Sol\u00eds se basa en las normas oficiales (Norma oficial Mexicana NOM 070 SCFI 2016-Bebidas alcoh\u00f3licas mezcal y especificaciones) para la producci\u00f3n y comercializaci\u00f3n de su producto bajo los est\u00e1ndares de calidad.<\/div>\n<div>&nbsp;<\/div>\n<div>La marca comercializa su producto el cual cuenta con una certificaci\u00f3n oficial.<\/div>\n<div>&nbsp;<\/div>\n<div class=\"_2cuy _3dgx _2vxa\"><span class=\"_4yxo\">El producto cuenta con sellos de certificaci\u00f3n hologramas y marbetes emitidos por el consejo regulador de la calidad del mezcal&nbsp; y Secretar\u00eda de Hacienda.<\/span><\/div>\n<div>&nbsp;<\/div>\n<div class=\"_2cuy _3dgx _2vxa\"><span class=\"_4yxo\">Contamos con denominaci\u00f3n de origen.<\/span><\/div>\n<div>&nbsp;<\/div>\n<div class=\"_2cuy _3dgx _2vxa\"><span class=\"_4yxo\">Cuadra Sol\u00eds no se hace responsable por la falsificaci\u00f3n en que pudieran incurrir terceros, por lo tanto recomienda revisar los sellos y hologramas de cada botella, comprar en un lugar autorizado y de su confianza, o realizarlo directamente con nosotros, ante cualquier inquietud contactarnos.<\/span><\/div>\n<div class=\"_2cuy _3dgx _2vxa\"><span class=\"_4yxo\">&nbsp;<\/span><\/div>\n<div class=\"_2cuy _3dgx _2vxa\"><span class=\"_4yxo\"><b>PROTECCI\u00d3N DE DATOS PERSONALES:<\/b><\/span><br><span class=\"_4yxo\"><br><\/span><\/div>\n<div class=\"_2cuy _3dgx _2vxa\">\n<p>Al hacer uso de nuestro sitio web, servicios o formularios, deber\u00e1s proporcionarnos informaci\u00f3n personal y\/o de car\u00e1cter sensible, como tus nombres, apellidos, edad, ubicaci\u00f3n, correo electr\u00f3nico, n\u00famero de celular, informaci\u00f3n que ser\u00e1n protegidos de acuerdo a lo establecido en la&nbsp;<strong>Ley Federal de Protecci\u00f3n de Datos Personales en Manos de los Particulares, <\/strong>la cual la podr\u00e1 encontrar en el <a href=\"http:\/\/www.diputados.gob.mx\/LeyesBiblio\/pdf\/LFPDPPP.pdf\">siguiente enlace<\/a> . Si utilizas nuestros Servicios, aceptas de manera libre, voluntaria e inequ\u00edvocamente que se <b>recopilen, use y se revelen tus datos personales e informaci\u00f3n no personal, cookies y cualquier otro tipo de informaci\u00f3n que se obtenga en el uso de nuestra plataforma virtual o nuestras interfaces en l\u00ednea.<\/b>&nbsp;Te proporcionamos opciones que te permiten autoexcluirse o controlar c\u00f3mo utilizamos y compartimos tus datos, si no est\u00e1s de acuerdo con los t\u00e9rminos, condiciones y pol\u00edtica de privacidad establecida en este documento no ingreses tus datos y abstente de ingresar a nuestra plataforma, interfaz y\/o nuestros contenidos.<\/p>\n<\/div>\n<div class=\"_2cuy _3dgx _2vxa\">\n<p>Te recomendamos no compartir informaci\u00f3n personal con otros usuarios o suscriptores de nuestros servicios que pueda poner en riesgo tu privacidad, no garantizamos el uso que puedan hacer de esta informaci\u00f3n y por ello nos exoneramos de cualquier tipo de responsabilidad.<\/p>\n<\/div>\n<div class=\"_2cuy _3dgx _2vxa\">\n<p>T\u00fa como usuario o suscriptor garantizas que los datos enviados obtenidos y recolectados son precisos y veraces; la informaci\u00f3n imprecisa puede afectar el uso de nuestras interfaces en l\u00ednea, y la forma como te prestamos el servicio, como de la capacidad de ponernos en contacto contigo, de lo cual no somos responsables.<\/p>\n<\/div>\n<div class=\"_2cuy _3dgx _2vxa\">&nbsp;<\/div>\n<div class=\"_2cuy _3dgx _2vxa\"><span class=\"_4yxo\"><b>NETIQUETTE:<\/b><\/span><br><span class=\"_4yxo\"><br><\/span><\/div>\n<div class=\"_2cuy _3dgx _2vxa\">En el uso de nuestro entorno,&nbsp; o interfaz virtual observar\u00e1s nuestro c\u00f3digo de Netiquette; no compartimos actos de discriminaci\u00f3n por razones de sexo, raza, religi\u00f3n, preferencias sexuales, por ello incentivamos un ambiente de tolerancia para con los dem\u00e1s usuarios y\/o suscriptores, observa protocolos b\u00e1sicos de comportamiento en el desarrollo del proceso formativo o uso de nuestros contenidos y\/o servicios en la plataforma, por tanto el trato entre usuarios y\/o suscriptores deber\u00e1 ser de forma respetuosa, cordial, no utilices nuestra plataforma virtual o interfaces para atacar, cometer il\u00edcitos o cualquier otra actuaci\u00f3n que afecte la tranquilidad o permanencia de otros usuarios de nuestros contenidos y\/o afecte nuestro buen nombre y\/o la estabilidad de nuestra plataforma, servicios o contenidos ofrecidos por nuestra compa\u00f1\u00eda, en caso contrario Mezcal Cuadra Sol\u00eds est\u00e1 facultado para poder tomar la medida que considere conveniente sin ning\u00fan impedimento y sin ninguna restricci\u00f3n y\/o limitaci\u00f3n.<\/div>\n<div class=\"_2cuy _3dgx _2vxa\">&nbsp;<\/div>\n<div class=\"_2cuy _3dgx _2vxa\"><span class=\"_4yxo\"><b>CONSIDERACIONES AL USUARIO:<\/b><\/span><br><span class=\"_4yxo\"><br><\/span><\/div>\n<div class=\"_2cuy _3dgx _2vxa\">\n<p><span class=\"_4yxo\">1.<\/span>&nbsp;Nos reservamos el derecho con las m\u00e1s amplias facultades para realizar, modificaciones, adiciones, correcciones o reemplazo de los t\u00e9rminos, condiciones y privacidad de datos aqu\u00ed establecidos, en cualquier momento y bajo cualquier circunstancia, sin el consentimiento previo o posterior de los usuarios y\/o suscriptores de nuestros servicios y\/o contenidos, sin derecho a indemnizaci\u00f3n alguna; una vez realizados los cambios se publicar\u00e1n en nuestro portal web.<\/p>\n<\/div>\n<div class=\"_2cuy _3dgx _2vxa\">\n<p><span class=\"_4yxo\">2.<\/span>&nbsp;Nos reservamos el derecho de negar, prohibir o cancelar su cuenta en nuestra plataforma virtual o interfaz en l\u00ednea y cualquier cuenta asociada con la cuenta por cualquier motivo, sin derecho a indemnizaci\u00f3n alguna.<\/p>\n<\/div>\n<div class=\"_2cuy _3dgx _2vxa\">\n<p><span class=\"_4yxo\">3.<\/span>&nbsp;No garantizamos que ninguna informaci\u00f3n proporcionada por nosotros sea precisa, completa o \u00fatil, que nuestros servicios sean operativos, est\u00e9n exentos de errores, protegidos o seguros, o que nuestros servicios funcionen sin interrupciones, demoras o imperfecciones.<\/p>\n<\/div>\n<div class=\"_2cuy _3dgx _2vxa\">\n<p><span class=\"_4yxo\">4. Mezcal Cuadra Sol\u00eds&nbsp;<\/span>comprende que en la red o internet pueden ser vulnerados nuestros sistemas de protecci\u00f3n de datos, cuentas e informaci\u00f3n que puede llegar a ser sensible, por tal motivo son riesgos que asume el usuario y que son naturales al uso de herramientas tecnol\u00f3gicas, plataforma y\/o interfaz virtual, si tienes conocimiento de este tipo de actividades en tu cuenta cont\u00e1ctanos, intentaremos solucionar el inconveniente. No seremos responsables de cualquier da\u00f1o indirecto, incidental, especial, consecuente o punitivo, o de cualquier p\u00e9rdida de beneficios o de ingresos, producida de forma directa o indirecta, o de cualquier p\u00e9rdida de datos, uso, fondo de comercio u otras p\u00e9rdidas intangibles.<\/p>\n<\/div>\n<div class=\"_2cuy _3dgx _2vxa\">\n<p><span class=\"_4yxo\">5.<\/span>&nbsp;Nuestros Servicios pueden ser interrumpidos, incluso por mantenimiento, reparaciones o actualizaciones, o por fallos de equipo o la red. Podemos discontinuar en cualquier momento algunos o todos nuestros Servicios o contenidos, incluidas algunas funciones y la compatibilidad con ciertos dispositivos y plataformas. Nuestro Servicios pueden verse afectados por eventos fuera de nuestro control, como desastres naturales y otros eventos de fuerza mayor.<\/p>\n<\/div>\n<div class=\"_2cuy _3dgx _2vxa\">\n<p><span class=\"_4yxo\">6.<\/span>&nbsp;El usuario acepta que Mezcal Cuadra Sol\u00eds<span class=\"_4yxo\">&nbsp;<\/span>&nbsp;puede ponerse en contacto mediante llamadas telef\u00f3nicas u cualquier otro medio de comunicaci\u00f3n con el suscriptor, incluso para fines de marketing, en todo caso puede optar por rechazar este servicio de comunicaciones.<\/p>\n<\/div>\n<div class=\"_2cuy _3dgx _2vxa\">\n<p><span class=\"_4yxo\">7.<\/span>&nbsp;S\u00ed el tiempo de conexi\u00f3n a nuestra interfaz, servicios y\/o contenidos es prolongado y reiterado se entender\u00e1 que acepta los t\u00e9rminos, condiciones y recolecci\u00f3n de datos de manera t\u00e1cita, de forma voluntaria e inequ\u00edvocamente dirigida al uso, de nuestros contenidos y\/o servicios y por tanto deber\u00e1 sujetarse a los t\u00e9rminos y condiciones establecidas en este documento.<\/p>\n<\/div>\n<div class=\"_2cuy _3dgx _2vxa\">\n<p><span class=\"_4yxo\">10.<\/span>&nbsp;Si alguna de las disposiciones de estos T\u00e9rminos se considera ilegal, inv\u00e1lida o, por cualquier motivo, inaplicable, dicha disposici\u00f3n se podr\u00e1 excluir de nuestros T\u00e9rminos y no afectar\u00e1 a la validez y a la aplicabilidad del resto de las disposiciones.<\/p>\n<\/div>\n<div class=\"_2cuy _3dgx _2vxa\"><span class=\"_4yxo\">11. Mezcal Cuadra Sol\u00eds&nbsp;<\/span>pone a tu disposici\u00f3n las siguientes l\u00edneas de atenci\u00f3n al usuario, podremos resolver tus inquietudes, solicitudes quejas o reclamos. cuadrasolismezcal@gmail.com<\/div>\t\t\t\t\t\t<\/div>\n\t\t\t\t<\/div>\n\t\t\t\t\t<\/div>\n\t\t<\/div>\n\t\t\t\t\t\t\t<\/div>\n\t\t<\/section>\n\t\t\t\t\t\t\t<\/div>\n\t\t","protected":false},"excerpt":{"rendered":"<p>T\u00e9rminos y Condiciones + Pol\u00edtica de Privacidad Este documento contiene convenio y\/o contrato legalmente vinculante entre Cuadra Sol\u00eds Mezcal Artesanal y quien haga uso de su sitio web, quien acepta esta pol\u00edtica de privacidad para poder hacer uso de nuestros&nbsp;CONTENIDOS&nbsp;y\/o&nbsp;SERVICIOS, dentro de nuestro sitio web y fuera de el, por tanto declara, se entiende o &hellip;<\/p>\n<p class=\"read-more\"> <a class=\"\" href=\"https:\/\/mezcalcuadrasolis.com\/index.php\/politica-de-privacidad-y-terminos-y-condiciones\/\"> <span class=\"screen-reader-text\">Pol\u00edtica de privacidad y t\u00e9rminos y condiciones<\/span> Leer m\u00e1s &raquo;<\/a><\/p>\n","protected":false},"author":2,"featured_media":0,"parent":0,"menu_order":0,"comment_status":"closed","ping_status":"closed","template":"","meta":{"site-sidebar-layout":"no-sidebar","site-content-layout":"page-builder","ast-global-header-display":"","ast-main-header-display":"","ast-hfb-above-header-display":"","ast-hfb-below-header-display":"","ast-hfb-mobile-header-display":"","site-post-title":"disabled","ast-breadcrumbs-content":"","ast-featured-img":"disabled","footer-sml-layout":"","theme-transparent-header-meta":"","adv-header-id-meta":"","stick-header-meta":"","header-above-stick-meta":"","header-main-stick-meta":"","header-below-stick-meta":""},"_links":{"self":[{"href":"https:\/\/mezcalcuadrasolis.com\/index.php\/wp-json\/wp\/v2\/pages\/253"}],"collection":[{"href":"https:\/\/mezcalcuadrasolis.com\/index.php\/wp-json\/wp\/v2\/pages"}],"about":[{"href":"https:\/\/mezcalcuadrasolis.com\/index.php\/wp-json\/wp\/v2\/types\/page"}],"author":[{"embeddable":true,"href":"https:\/\/mezcalcuadrasolis.com\/index.php\/wp-json\/wp\/v2\/users\/2"}],"replies":[{"embeddable":true,"href":"https:\/\/mezcalcuadrasolis.com\/index.php\/wp-json\/wp\/v2\/comments?post=253"}],"version-history":[{"count":4,"href":"https:\/\/mezcalcuadrasolis.com\/index.php\/wp-json\/wp\/v2\/pages\/253\/revisions"}],"predecessor-version":[{"id":257,"href":"https:\/\/mezcalcuadrasolis.com\/index.php\/wp-json\/wp\/v2\/pages\/253\/revisions\/257"}],"wp:attachment":[{"href":"https:\/\/mezcalcuadrasolis.com\/index.php\/wp-json\/wp\/v2\/media?parent=253"}],"curies":[{"name":"wp","href":"https:\/\/api.w.org\/{rel}","templated":true}]}}